{"id":1070,"date":"2024-03-01T12:52:12","date_gmt":"2024-03-01T12:52:12","guid":{"rendered":"https:\/\/dummy.xtemos.com\/woodmart2\/vegetables-elementor\/?page_id=15"},"modified":"2025-11-09T13:03:19","modified_gmt":"2025-11-09T13:03:19","slug":"om-os","status":"publish","type":"page","link":"https:\/\/buyvapesin.co.uk\/da\/om-os\/","title":{"rendered":"Om Os"},"content":{"rendered":"<div data-elementor-type=\"wp-page\" data-elementor-id=\"1070\" class=\"elementor elementor-1070\" data-elementor-settings=\"{&quot;element_pack_global_tooltip_width&quot;:{&quot;unit&quot;:&quot;px&quot;,&quot;size&quot;:&quot;&quot;,&quot;sizes&quot;:[]},&quot;element_pack_global_tooltip_width_tablet&quot;:{&quot;unit&quot;:&quot;px&quot;,&quot;size&quot;:&quot;&quot;,&quot;sizes&quot;:[]},&quot;element_pack_global_tooltip_width_mobile&quot;:{&quot;unit&quot;:&quot;px&quot;,&quot;size&quot;:&quot;&quot;,&quot;sizes&quot;:[]},&quot;element_pack_global_tooltip_padding&quot;:{&quot;unit&quot;:&quot;px&quot;,&quot;top&quot;:&quot;&quot;,&quot;right&quot;:&quot;&quot;,&quot;bottom&quot;:&quot;&quot;,&quot;left&quot;:&quot;&quot;,&quot;isLinked&quot;:true},&quot;element_pack_global_tooltip_padding_tablet&quot;:{&quot;unit&quot;:&quot;px&quot;,&quot;top&quot;:&quot;&quot;,&quot;right&quot;:&quot;&quot;,&quot;bottom&quot;:&quot;&quot;,&quot;left&quot;:&quot;&quot;,&quot;isLinked&quot;:true},&quot;element_pack_global_tooltip_padding_mobile&quot;:{&quot;unit&quot;:&quot;px&quot;,&quot;top&quot;:&quot;&quot;,&quot;right&quot;:&quot;&quot;,&quot;bottom&quot;:&quot;&quot;,&quot;left&quot;:&quot;&quot;,&quot;isLinked&quot;:true},&quot;element_pack_global_tooltip_border_radius&quot;:{&quot;unit&quot;:&quot;px&quot;,&quot;top&quot;:&quot;&quot;,&quot;right&quot;:&quot;&quot;,&quot;bottom&quot;:&quot;&quot;,&quot;left&quot;:&quot;&quot;,&quot;isLinked&quot;:true},&quot;element_pack_global_tooltip_border_radius_tablet&quot;:{&quot;unit&quot;:&quot;px&quot;,&quot;top&quot;:&quot;&quot;,&quot;right&quot;:&quot;&quot;,&quot;bottom&quot;:&quot;&quot;,&quot;left&quot;:&quot;&quot;,&quot;isLinked&quot;:true},&quot;element_pack_global_tooltip_border_radius_mobile&quot;:{&quot;unit&quot;:&quot;px&quot;,&quot;top&quot;:&quot;&quot;,&quot;right&quot;:&quot;&quot;,&quot;bottom&quot;:&quot;&quot;,&quot;left&quot;:&quot;&quot;,&quot;isLinked&quot;:true}}\" data-elementor-post-type=\"page\">\n\t\t\t\t<div class=\"wd-negative-gap elementor-element elementor-element-13eac444 e-flex e-con-boxed e-con e-parent\" data-id=\"13eac444\" data-element_type=\"container\">\n\t\t\t\t\t<div class=\"e-con-inner\">\n\t\t<div class=\"elementor-element elementor-element-211cdf6d e-con-full e-flex e-con e-child\" data-id=\"211cdf6d\" data-element_type=\"container\">\n\t\t\t\t<div class=\"elementor-element elementor-element-206d6d0a elementor-widget elementor-widget-wd_image_or_svg\" data-id=\"206d6d0a\" data-element_type=\"widget\" data-widget_type=\"wd_image_or_svg.default\">\n\t\t\t\t<div class=\"elementor-widget-container\">\n\t\t\t\t\t\n\t\t<div class=\"wd-image text-left\">\n\t\t\t\t\t\t\t\t<img loading=\"lazy\" decoding=\"async\" width=\"1000\" height=\"228\" src=\"https:\/\/buyvapesin.co.uk\/wp-content\/uploads\/2025\/09\/nice-image.png\" class=\"attachment-full size-full\" alt=\"\" srcset=\"https:\/\/buyvapesin.co.uk\/wp-content\/uploads\/2025\/09\/nice-image.png 1000w, https:\/\/buyvapesin.co.uk\/wp-content\/uploads\/2025\/09\/nice-image-300x68.png 300w, https:\/\/buyvapesin.co.uk\/wp-content\/uploads\/2025\/09\/nice-image-768x175.png 768w, https:\/\/buyvapesin.co.uk\/wp-content\/uploads\/2025\/09\/nice-image-150x34.png 150w\" sizes=\"auto, (max-width: 1000px) 100vw, 1000px\" \/>\t\t\t\t\t<\/div>\n\n\t\t\t\t\t\t<\/div>\n\t\t\t\t<\/div>\n\t\t\t\t<div class=\"elementor-element elementor-element-161248dc wd-width-100 elementor-widget elementor-widget-wd_title\" data-id=\"161248dc\" data-element_type=\"widget\" data-widget_type=\"wd_title.default\">\n\t\t\t\t<div class=\"elementor-widget-container\">\n\t\t\t\t\t\t\t<div class=\"title-wrapper wd-set-mb reset-last-child wd-title-color-default wd-title-style-default wd-title-size-default text-left\">\n\n\t\t\t\n\t\t\t<div class=\"liner-continer\">\n\t\t\t\t<h4 class=\"woodmart-title-container title wd-fontsize-l\">Vi er din sikreste stik til alle ting vaping &amp; tilbeh\u00f8r i UK<\/h4> \n\t\t\t\t\t\t\t<\/div>\n\n\t\t\t\t\t<\/div>\n\t\t\t\t\t\t<\/div>\n\t\t\t\t<\/div>\n\t\t\t\t<div class=\"elementor-element elementor-element-9d41740 elementor-widget elementor-widget-wd_text_block\" data-id=\"9d41740\" data-element_type=\"widget\" data-widget_type=\"wd_text_block.default\">\n\t\t\t\t<div class=\"elementor-widget-container\">\n\t\t\t\t\t\t\t<div class=\"wd-text-block reset-last-child text-left\">\n\t\t\t\n\t\t\t<p>Vi er UK ' s voksende destination for engangs vape produkter. Mere end 4 tusind mennesker engagerer sig med os hvert \u00e5r til at l\u00e6re mere om cannabis og bestille online med lokale virksomheder.<\/p><p>K\u00f8b Vapes UK er en af de fineste Disponibel Vape butikker i STORBRITANNIEN, har Vi utrolig vidende budtenders og udf\u00f8rer kun den h\u00f8jeste kvalitet. Vi har taget stor omhu for at sikre, at vi har noget for enhver smag med masser af muligheder. Vi ville elske at hj\u00e6lpe dig med at finde hvad du har brug for. Du kan ogs\u00e5 bestille fra vores online menu, og brug vores store kiosker til at udforske og placere ordrer for vores personale til at opfylde p\u00e5 stedet<\/p>\n\t\t\t\t\t<\/div>\n\t\t\t\t\t\t<\/div>\n\t\t\t\t<\/div>\n\t\t\t\t<\/div>\n\t\t<div class=\"elementor-element elementor-element-8b91581 e-con-full e-flex e-con e-child\" data-id=\"8b91581\" data-element_type=\"container\">\n\t\t\t\t<div class=\"elementor-element elementor-element-7e96f9c6 wd-width-100 elementor-widget elementor-widget-wd_video\" data-id=\"7e96f9c6\" data-element_type=\"widget\" data-widget_type=\"wd_video.default\">\n\t\t\t\t<div class=\"elementor-widget-container\">\n\t\t\t\t\t\n\t\t<div class=\"wd-el-video wd-action-without wd-video-hosted\">\n\t\t\t\t\t\t\t<video src=\"https:\/\/buyvapesin.co.uk\/wp-content\/uploads\/2025\/09\/A-Man-Using-Vape-\u00b7-Free-Stock-Video.mp4\" playsinline loop muted autoplay poster=\"https:\/\/buyvapesin.co.uk\/wp-content\/uploads\/2025\/09\/a01c5c_f0c7ad0845374c74a40f2dda48d5c7femv2-1.jpeg\"><\/video>\t\t\t\n\t\t\t\n\t\t\t\n\t\t\t\t\t<\/div>\n\t\t\t\t\t\t<\/div>\n\t\t\t\t<\/div>\n\t\t\t\t<\/div>\n\t\t\t\t\t<\/div>\n\t\t\t\t<\/div>\n\t\t<div class=\"wd-negative-gap elementor-element elementor-element-25f0fc6c wd-section-stretch-content e-flex e-con-boxed e-con e-parent\" data-id=\"25f0fc6c\" data-element_type=\"container\" data-settings=\"{&quot;background_background&quot;:&quot;classic&quot;}\">\n\t\t\t\t\t<div class=\"e-con-inner\">\n\t\t\t\t<div class=\"elementor-element elementor-element-58d05903 elementor-widget elementor-widget-wd_marquee\" data-id=\"58d05903\" data-element_type=\"widget\" data-widget_type=\"wd_marquee.default\">\n\t\t\t\t<div class=\"elementor-widget-container\">\n\t\t\t\t\t\t\t<div class=\"wd-marquee\">\n\t\t\t<div class=\"wd-marquee-content\">\n\t\t\t\t\t\t\t<span class=\"wd-marquee-item\">\n\t\t\t\t\n\t\t\t\t\t\t\t\t\tFor Engangsemballager I Dag\t\t\t\t\n\t\t\t\t\t\t\t<\/span>\n\t\t\t\t\t\t<\/div>\n\t\t\t<div class=\"wd-marquee-content\">\n\t\t\t\t\t\t\t<span class=\"wd-marquee-item\">\n\t\t\t\t\n\t\t\t\t\t\t\t\t\tFor Engangsemballager I Dag\t\t\t\t\n\t\t\t\t\t\t\t<\/span>\n\t\t\t\t\t\t<\/div>\n\t\t<\/div>\n\t\t\t\t\t\t<\/div>\n\t\t\t\t<\/div>\n\t\t\t\t\t<\/div>\n\t\t\t\t<\/div>\n\t\t\t\t<\/div>","protected":false},"excerpt":{"rendered":"<p>We are your surest plug for all things vaping &amp; accessories in the UK We are the UK\u2019s growing destination<\/p>","protected":false},"author":1,"featured_media":0,"parent":0,"menu_order":0,"comment_status":"closed","ping_status":"closed","template":"","meta":{"footnotes":""},"class_list":["post-1070","page","type-page","status-publish","hentry"],"yoast_head":"<!-- This site is optimized with the Yoast SEO Premium plugin v26.3 (Yoast SEO v26.5) - https:\/\/yoast.com\/wordpress\/plugins\/seo\/ -->\n<title>About Us<\/title>\n<meta name=\"description\" content=\"We are your surest plug for all things vaping &amp; accessories in the UK We are the UK\u2019s growing destination to order disposable vape products. More than\" \/>\n<meta name=\"robots\" content=\"index, follow, max-snippet:-1, max-image-preview:large, max-video-preview:-1\" \/>\n<link rel=\"canonical\" href=\"https:\/\/buyvapesin.co.uk\/da\/om-os\/\" \/>\n<meta property=\"og:locale\" content=\"da_DK\" \/>\n<meta property=\"og:type\" content=\"article\" \/>\n<meta property=\"og:title\" content=\"About Us\" \/>\n<meta property=\"og:description\" content=\"We are your surest plug for all things vaping &amp; accessories in the UK We are the UK\u2019s growing destination to order disposable vape products. More than\" \/>\n<meta property=\"og:url\" content=\"https:\/\/buyvapesin.co.uk\/da\/om-os\/\" \/>\n<meta property=\"og:site_name\" content=\"Buy Vapes UK\" \/>\n<meta property=\"article:modified_time\" content=\"2025-11-09T13:03:19+00:00\" \/>\n<meta property=\"og:image\" content=\"https:\/\/buyvapesin.co.uk\/wp-content\/uploads\/2025\/09\/nice-image.png\" \/>\n<meta name=\"twitter:card\" content=\"summary_large_image\" \/>\n<meta name=\"twitter:label1\" content=\"Estimeret l\u00e6setid\" \/>\n\t<meta name=\"twitter:data1\" content=\"1 minut\" \/>\n<script type=\"application\/ld+json\" class=\"yoast-schema-graph\">{\"@context\":\"https:\/\/schema.org\",\"@graph\":[{\"@type\":\"WebPage\",\"@id\":\"https:\/\/buyvapesin.co.uk\/about-us\/\",\"url\":\"https:\/\/buyvapesin.co.uk\/about-us\/\",\"name\":\"About Us\",\"isPartOf\":{\"@id\":\"https:\/\/buyvapesin.co.uk\/#website\"},\"primaryImageOfPage\":{\"@id\":\"https:\/\/buyvapesin.co.uk\/about-us\/#primaryimage\"},\"image\":{\"@id\":\"https:\/\/buyvapesin.co.uk\/about-us\/#primaryimage\"},\"thumbnailUrl\":\"https:\/\/buyvapesin.co.uk\/wp-content\/uploads\/2025\/09\/nice-image.png\",\"datePublished\":\"2024-03-01T12:52:12+00:00\",\"dateModified\":\"2025-11-09T13:03:19+00:00\",\"description\":\"We are your surest plug for all things vaping &amp; accessories in the UK We are the UK\u2019s growing destination to order disposable vape products. More than\",\"breadcrumb\":{\"@id\":\"https:\/\/buyvapesin.co.uk\/about-us\/#breadcrumb\"},\"inLanguage\":\"da-DK\",\"potentialAction\":[{\"@type\":\"ReadAction\",\"target\":[\"https:\/\/buyvapesin.co.uk\/about-us\/\"]}]},{\"@type\":\"ImageObject\",\"inLanguage\":\"da-DK\",\"@id\":\"https:\/\/buyvapesin.co.uk\/about-us\/#primaryimage\",\"url\":\"https:\/\/buyvapesin.co.uk\/wp-content\/uploads\/2025\/09\/nice-image.png\",\"contentUrl\":\"https:\/\/buyvapesin.co.uk\/wp-content\/uploads\/2025\/09\/nice-image.png\"},{\"@type\":\"BreadcrumbList\",\"@id\":\"https:\/\/buyvapesin.co.uk\/about-us\/#breadcrumb\",\"itemListElement\":[{\"@type\":\"ListItem\",\"position\":1,\"name\":\"Home\",\"item\":\"https:\/\/buyvapesin.co.uk\/\"},{\"@type\":\"ListItem\",\"position\":2,\"name\":\"About Us\"}]},{\"@type\":\"WebSite\",\"@id\":\"https:\/\/buyvapesin.co.uk\/#website\",\"url\":\"https:\/\/buyvapesin.co.uk\/\",\"name\":\"Buy Vapes UK\",\"description\":\"Buy Vapes &amp; Accessories in the UK | Same Day Delivery\",\"publisher\":{\"@id\":\"https:\/\/buyvapesin.co.uk\/#organization\"},\"potentialAction\":[{\"@type\":\"SearchAction\",\"target\":{\"@type\":\"EntryPoint\",\"urlTemplate\":\"https:\/\/buyvapesin.co.uk\/?s={search_term_string}\"},\"query-input\":{\"@type\":\"PropertyValueSpecification\",\"valueRequired\":true,\"valueName\":\"search_term_string\"}}],\"inLanguage\":\"da-DK\"},{\"@type\":\"Organization\",\"@id\":\"https:\/\/buyvapesin.co.uk\/#organization\",\"name\":\"Buy Vapes UK\",\"url\":\"https:\/\/buyvapesin.co.uk\/\",\"logo\":{\"@type\":\"ImageObject\",\"inLanguage\":\"da-DK\",\"@id\":\"https:\/\/buyvapesin.co.uk\/#\/schema\/logo\/image\/\",\"url\":\"https:\/\/buyvapesin.co.uk\/wp-content\/uploads\/2025\/11\/cropped-buy-vapes-uk-site-icon-1.png\",\"contentUrl\":\"https:\/\/buyvapesin.co.uk\/wp-content\/uploads\/2025\/11\/cropped-buy-vapes-uk-site-icon-1.png\",\"width\":512,\"height\":512,\"caption\":\"Buy Vapes UK\"},\"image\":{\"@id\":\"https:\/\/buyvapesin.co.uk\/#\/schema\/logo\/image\/\"}}]}<\/script>\n<!-- \/ Yoast SEO Premium plugin. -->","yoast_head_json":{"title":"Om Os","description":"Vi er din sikreste stik til alle ting vaping &amp; tilbeh\u00f8r i STORBRITANNIEN, Vi er UK ' s voksende destination for engangs vape produkter. Mere end","robots":{"index":"index","follow":"follow","max-snippet":"max-snippet:-1","max-image-preview":"max-image-preview:large","max-video-preview":"max-video-preview:-1"},"canonical":"https:\/\/buyvapesin.co.uk\/da\/om-os\/","og_locale":"da_DK","og_type":"article","og_title":"About Us","og_description":"We are your surest plug for all things vaping &amp; accessories in the UK We are the UK\u2019s growing destination to order disposable vape products. More than","og_url":"https:\/\/buyvapesin.co.uk\/da\/om-os\/","og_site_name":"Buy Vapes UK","article_modified_time":"2025-11-09T13:03:19+00:00","og_image":[{"url":"https:\/\/buyvapesin.co.uk\/wp-content\/uploads\/2025\/09\/nice-image.png","type":"","width":"","height":""}],"twitter_card":"summary_large_image","twitter_misc":{"Estimeret l\u00e6setid":"1 minut"},"schema":{"@context":"https:\/\/schema.org","@graph":[{"@type":"WebPage","@id":"https:\/\/buyvapesin.co.uk\/about-us\/","url":"https:\/\/buyvapesin.co.uk\/about-us\/","name":"Om Os","isPartOf":{"@id":"https:\/\/buyvapesin.co.uk\/#website"},"primaryImageOfPage":{"@id":"https:\/\/buyvapesin.co.uk\/about-us\/#primaryimage"},"image":{"@id":"https:\/\/buyvapesin.co.uk\/about-us\/#primaryimage"},"thumbnailUrl":"https:\/\/buyvapesin.co.uk\/wp-content\/uploads\/2025\/09\/nice-image.png","datePublished":"2024-03-01T12:52:12+00:00","dateModified":"2025-11-09T13:03:19+00:00","description":"Vi er din sikreste stik til alle ting vaping &amp; tilbeh\u00f8r i STORBRITANNIEN, Vi er UK ' s voksende destination for engangs vape produkter. Mere end","breadcrumb":{"@id":"https:\/\/buyvapesin.co.uk\/about-us\/#breadcrumb"},"inLanguage":"da-DK","potentialAction":[{"@type":"ReadAction","target":["https:\/\/buyvapesin.co.uk\/about-us\/"]}]},{"@type":"ImageObject","inLanguage":"da-DK","@id":"https:\/\/buyvapesin.co.uk\/about-us\/#primaryimage","url":"https:\/\/buyvapesin.co.uk\/wp-content\/uploads\/2025\/09\/nice-image.png","contentUrl":"https:\/\/buyvapesin.co.uk\/wp-content\/uploads\/2025\/09\/nice-image.png"},{"@type":"BreadcrumbList","@id":"https:\/\/buyvapesin.co.uk\/about-us\/#breadcrumb","itemListElement":[{"@type":"ListItem","position":1,"name":"Home","item":"https:\/\/buyvapesin.co.uk\/"},{"@type":"ListItem","position":2,"name":"About Us"}]},{"@type":"WebSite","@id":"https:\/\/buyvapesin.co.uk\/#website","url":"https:\/\/buyvapesin.co.uk\/","name":"K\u00f8b Vapes UK","description":"K\u00f8b Vapes &amp; Tilbeh\u00f8r i UK | Levering Samme Dag","publisher":{"@id":"https:\/\/buyvapesin.co.uk\/#organization"},"potentialAction":[{"@type":"SearchAction","target":{"@type":"EntryPoint","urlTemplate":"https:\/\/buyvapesin.co.uk\/?s={search_term_string}"},"query-input":{"@type":"PropertyValueSpecification","valueRequired":true,"valueName":"search_term_string"}}],"inLanguage":"da-DK"},{"@type":"Organization","@id":"https:\/\/buyvapesin.co.uk\/#organization","name":"K\u00f8b Vapes UK","url":"https:\/\/buyvapesin.co.uk\/","logo":{"@type":"ImageObject","inLanguage":"da-DK","@id":"https:\/\/buyvapesin.co.uk\/#\/schema\/logo\/image\/","url":"https:\/\/buyvapesin.co.uk\/wp-content\/uploads\/2025\/11\/cropped-buy-vapes-uk-site-icon-1.png","contentUrl":"https:\/\/buyvapesin.co.uk\/wp-content\/uploads\/2025\/11\/cropped-buy-vapes-uk-site-icon-1.png","width":512,"height":512,"caption":"Buy Vapes UK"},"image":{"@id":"https:\/\/buyvapesin.co.uk\/#\/schema\/logo\/image\/"}}]}},"_hostinger_reach_plugin_has_subscription_block":false,"_hostinger_reach_plugin_is_elementor":false,"_links":{"self":[{"href":"https:\/\/buyvapesin.co.uk\/da\/wp-json\/wp\/v2\/pages\/1070","targetHints":{"allow":["GET"]}}],"collection":[{"href":"https:\/\/buyvapesin.co.uk\/da\/wp-json\/wp\/v2\/pages"}],"about":[{"href":"https:\/\/buyvapesin.co.uk\/da\/wp-json\/wp\/v2\/types\/page"}],"author":[{"embeddable":true,"href":"https:\/\/buyvapesin.co.uk\/da\/wp-json\/wp\/v2\/users\/1"}],"replies":[{"embeddable":true,"href":"https:\/\/buyvapesin.co.uk\/da\/wp-json\/wp\/v2\/comments?post=1070"}],"version-history":[{"count":12,"href":"https:\/\/buyvapesin.co.uk\/da\/wp-json\/wp\/v2\/pages\/1070\/revisions"}],"predecessor-version":[{"id":4361,"href":"https:\/\/buyvapesin.co.uk\/da\/wp-json\/wp\/v2\/pages\/1070\/revisions\/4361"}],"wp:attachment":[{"href":"https:\/\/buyvapesin.co.uk\/da\/wp-json\/wp\/v2\/media?parent=1070"}],"curies":[{"name":"wp","href":"https:\/\/api.w.org\/{rel}","templated":true}]}}