{"id":10817,"date":"2025-12-05T15:37:22","date_gmt":"2025-12-05T15:37:22","guid":{"rendered":"https:\/\/buyvapesin.co.uk\/?post_type=product&#038;p=10817"},"modified":"2025-12-05T15:37:22","modified_gmt":"2025-12-05T15:37:22","slug":"candy-belts-%f0%9f%8d%ac%f0%9f%8d%ac%f0%9f%8d%ac","status":"publish","type":"product","link":"https:\/\/buyvapesin.co.uk\/da\/product\/candy-belts-%f0%9f%8d%ac%f0%9f%8d%ac%f0%9f%8d%ac\/","title":{"rendered":"Candy B\u00e6lter \ud83c\udf6c\ud83c\udf6c\ud83c\udf6c"},"content":{"rendered":"","protected":false},"excerpt":{"rendered":"","protected":false},"featured_media":10818,"comment_status":"closed","ping_status":"closed","template":"","meta":[],"product_brand":[],"product_cat":[2320],"product_tag":[],"class_list":{"0":"post-10817","1":"product","2":"type-product","3":"status-publish","4":"has-post-thumbnail","6":"product_cat-buds","8":"first","9":"instock","10":"shipping-taxable","11":"purchasable","12":"product-type-variable"},"yoast_head":"<!-- This site is optimized with the Yoast SEO Premium plugin v26.3 (Yoast SEO v26.5) - https:\/\/yoast.com\/wordpress\/plugins\/seo\/ -->\n<title>Candy Belts \ud83c\udf6c\ud83c\udf6c\ud83c\udf6c<\/title>\n<meta name=\"robots\" content=\"index, follow, max-snippet:-1, max-image-preview:large, max-video-preview:-1\" \/>\n<link rel=\"canonical\" href=\"https:\/\/buyvapesin.co.uk\/da\/product\/candy-belts-\ud83c\udf6c\ud83c\udf6c\ud83c\udf6c\/\" \/>\n<meta property=\"og:locale\" content=\"da_DK\" \/>\n<meta property=\"og:type\" content=\"article\" \/>\n<meta property=\"og:title\" content=\"Candy Belts \ud83c\udf6c\ud83c\udf6c\ud83c\udf6c\" \/>\n<meta property=\"og:url\" content=\"https:\/\/buyvapesin.co.uk\/da\/product\/candy-belts-\ud83c\udf6c\ud83c\udf6c\ud83c\udf6c\/\" \/>\n<meta property=\"og:site_name\" content=\"Buy Vapes UK\" \/>\n<meta property=\"og:image\" content=\"https:\/\/buyvapesin.co.uk\/wp-content\/uploads\/2025\/12\/Candy-Belts-\ud83c\udf6c\ud83c\udf6c\ud83c\udf6c.jpg\" \/>\n\t<meta property=\"og:image:width\" content=\"960\" \/>\n\t<meta property=\"og:image:height\" content=\"1280\" \/>\n\t<meta property=\"og:image:type\" content=\"image\/jpeg\" \/>\n<meta name=\"twitter:card\" content=\"summary_large_image\" \/>\n<meta name=\"twitter:label1\" content=\"Estimeret l\u00e6setid\" \/>\n\t<meta name=\"twitter:data1\" content=\"1 minut\" \/>\n<script type=\"application\/ld+json\" class=\"yoast-schema-graph\">{\"@context\":\"https:\/\/schema.org\",\"@graph\":[{\"@type\":\"WebPage\",\"@id\":\"https:\/\/buyvapesin.co.uk\/product\/candy-belts-%f0%9f%8d%ac%f0%9f%8d%ac%f0%9f%8d%ac\/\",\"url\":\"https:\/\/buyvapesin.co.uk\/product\/candy-belts-%f0%9f%8d%ac%f0%9f%8d%ac%f0%9f%8d%ac\/\",\"name\":\"Candy Belts \ud83c\udf6c\ud83c\udf6c\ud83c\udf6c\",\"isPartOf\":{\"@id\":\"https:\/\/buyvapesin.co.uk\/#website\"},\"primaryImageOfPage\":{\"@id\":\"https:\/\/buyvapesin.co.uk\/product\/candy-belts-%f0%9f%8d%ac%f0%9f%8d%ac%f0%9f%8d%ac\/#primaryimage\"},\"image\":{\"@id\":\"https:\/\/buyvapesin.co.uk\/product\/candy-belts-%f0%9f%8d%ac%f0%9f%8d%ac%f0%9f%8d%ac\/#primaryimage\"},\"thumbnailUrl\":\"https:\/\/buyvapesin.co.uk\/wp-content\/uploads\/2025\/12\/Candy-Belts-\ud83c\udf6c\ud83c\udf6c\ud83c\udf6c.jpg\",\"datePublished\":\"2025-12-05T15:37:22+00:00\",\"breadcrumb\":{\"@id\":\"https:\/\/buyvapesin.co.uk\/product\/candy-belts-%f0%9f%8d%ac%f0%9f%8d%ac%f0%9f%8d%ac\/#breadcrumb\"},\"inLanguage\":\"da-DK\",\"potentialAction\":[{\"@type\":\"ReadAction\",\"target\":[\"https:\/\/buyvapesin.co.uk\/product\/candy-belts-%f0%9f%8d%ac%f0%9f%8d%ac%f0%9f%8d%ac\/\"]}]},{\"@type\":\"ImageObject\",\"inLanguage\":\"da-DK\",\"@id\":\"https:\/\/buyvapesin.co.uk\/product\/candy-belts-%f0%9f%8d%ac%f0%9f%8d%ac%f0%9f%8d%ac\/#primaryimage\",\"url\":\"https:\/\/buyvapesin.co.uk\/wp-content\/uploads\/2025\/12\/Candy-Belts-\ud83c\udf6c\ud83c\udf6c\ud83c\udf6c.jpg\",\"contentUrl\":\"https:\/\/buyvapesin.co.uk\/wp-content\/uploads\/2025\/12\/Candy-Belts-\ud83c\udf6c\ud83c\udf6c\ud83c\udf6c.jpg\",\"width\":960,\"height\":1280},{\"@type\":\"BreadcrumbList\",\"@id\":\"https:\/\/buyvapesin.co.uk\/product\/candy-belts-%f0%9f%8d%ac%f0%9f%8d%ac%f0%9f%8d%ac\/#breadcrumb\",\"itemListElement\":[{\"@type\":\"ListItem\",\"position\":1,\"name\":\"Home\",\"item\":\"https:\/\/buyvapesin.co.uk\/\"},{\"@type\":\"ListItem\",\"position\":2,\"name\":\"Shop\",\"item\":\"https:\/\/buyvapesin.co.uk\/shop\/\"},{\"@type\":\"ListItem\",\"position\":3,\"name\":\"Candy Belts \ud83c\udf6c\ud83c\udf6c\ud83c\udf6c\"}]},{\"@type\":\"WebSite\",\"@id\":\"https:\/\/buyvapesin.co.uk\/#website\",\"url\":\"https:\/\/buyvapesin.co.uk\/\",\"name\":\"Buy Vapes UK\",\"description\":\"Buy Vapes &amp; Accessories in the UK | Same Day Delivery\",\"publisher\":{\"@id\":\"https:\/\/buyvapesin.co.uk\/#organization\"},\"potentialAction\":[{\"@type\":\"SearchAction\",\"target\":{\"@type\":\"EntryPoint\",\"urlTemplate\":\"https:\/\/buyvapesin.co.uk\/?s={search_term_string}\"},\"query-input\":{\"@type\":\"PropertyValueSpecification\",\"valueRequired\":true,\"valueName\":\"search_term_string\"}}],\"inLanguage\":\"da-DK\"},{\"@type\":\"Organization\",\"@id\":\"https:\/\/buyvapesin.co.uk\/#organization\",\"name\":\"Buy Vapes UK\",\"url\":\"https:\/\/buyvapesin.co.uk\/\",\"logo\":{\"@type\":\"ImageObject\",\"inLanguage\":\"da-DK\",\"@id\":\"https:\/\/buyvapesin.co.uk\/#\/schema\/logo\/image\/\",\"url\":\"https:\/\/buyvapesin.co.uk\/wp-content\/uploads\/2025\/11\/cropped-buy-vapes-uk-site-icon-1.png\",\"contentUrl\":\"https:\/\/buyvapesin.co.uk\/wp-content\/uploads\/2025\/11\/cropped-buy-vapes-uk-site-icon-1.png\",\"width\":512,\"height\":512,\"caption\":\"Buy Vapes UK\"},\"image\":{\"@id\":\"https:\/\/buyvapesin.co.uk\/#\/schema\/logo\/image\/\"}}]}<\/script>\n<!-- \/ Yoast SEO Premium plugin. -->","yoast_head_json":{"title":"Candy B\u00e6lter \ud83c\udf6c\ud83c\udf6c\ud83c\udf6c","robots":{"index":"index","follow":"follow","max-snippet":"max-snippet:-1","max-image-preview":"max-image-preview:large","max-video-preview":"max-video-preview:-1"},"canonical":"https:\/\/buyvapesin.co.uk\/da\/product\/candy-belts-\ud83c\udf6c\ud83c\udf6c\ud83c\udf6c\/","og_locale":"da_DK","og_type":"article","og_title":"Candy Belts \ud83c\udf6c\ud83c\udf6c\ud83c\udf6c","og_url":"https:\/\/buyvapesin.co.uk\/da\/product\/candy-belts-\ud83c\udf6c\ud83c\udf6c\ud83c\udf6c\/","og_site_name":"Buy Vapes UK","og_image":[{"width":960,"height":1280,"url":"https:\/\/buyvapesin.co.uk\/wp-content\/uploads\/2025\/12\/Candy-Belts-\ud83c\udf6c\ud83c\udf6c\ud83c\udf6c.jpg","type":"image\/jpeg"}],"twitter_card":"summary_large_image","twitter_misc":{"Estimeret l\u00e6setid":"1 minut"},"schema":{"@context":"https:\/\/schema.org","@graph":[{"@type":"WebPage","@id":"https:\/\/buyvapesin.co.uk\/product\/candy-belts-%f0%9f%8d%ac%f0%9f%8d%ac%f0%9f%8d%ac\/","url":"https:\/\/buyvapesin.co.uk\/product\/candy-belts-%f0%9f%8d%ac%f0%9f%8d%ac%f0%9f%8d%ac\/","name":"Candy B\u00e6lter \ud83c\udf6c\ud83c\udf6c\ud83c\udf6c","isPartOf":{"@id":"https:\/\/buyvapesin.co.uk\/#website"},"primaryImageOfPage":{"@id":"https:\/\/buyvapesin.co.uk\/product\/candy-belts-%f0%9f%8d%ac%f0%9f%8d%ac%f0%9f%8d%ac\/#primaryimage"},"image":{"@id":"https:\/\/buyvapesin.co.uk\/product\/candy-belts-%f0%9f%8d%ac%f0%9f%8d%ac%f0%9f%8d%ac\/#primaryimage"},"thumbnailUrl":"https:\/\/buyvapesin.co.uk\/wp-content\/uploads\/2025\/12\/Candy-Belts-\ud83c\udf6c\ud83c\udf6c\ud83c\udf6c.jpg","datePublished":"2025-12-05T15:37:22+00:00","breadcrumb":{"@id":"https:\/\/buyvapesin.co.uk\/product\/candy-belts-%f0%9f%8d%ac%f0%9f%8d%ac%f0%9f%8d%ac\/#breadcrumb"},"inLanguage":"da-DK","potentialAction":[{"@type":"ReadAction","target":["https:\/\/buyvapesin.co.uk\/product\/candy-belts-%f0%9f%8d%ac%f0%9f%8d%ac%f0%9f%8d%ac\/"]}]},{"@type":"ImageObject","inLanguage":"da-DK","@id":"https:\/\/buyvapesin.co.uk\/product\/candy-belts-%f0%9f%8d%ac%f0%9f%8d%ac%f0%9f%8d%ac\/#primaryimage","url":"https:\/\/buyvapesin.co.uk\/wp-content\/uploads\/2025\/12\/Candy-Belts-\ud83c\udf6c\ud83c\udf6c\ud83c\udf6c.jpg","contentUrl":"https:\/\/buyvapesin.co.uk\/wp-content\/uploads\/2025\/12\/Candy-Belts-\ud83c\udf6c\ud83c\udf6c\ud83c\udf6c.jpg","width":960,"height":1280},{"@type":"BreadcrumbList","@id":"https:\/\/buyvapesin.co.uk\/product\/candy-belts-%f0%9f%8d%ac%f0%9f%8d%ac%f0%9f%8d%ac\/#breadcrumb","itemListElement":[{"@type":"ListItem","position":1,"name":"Home","item":"https:\/\/buyvapesin.co.uk\/"},{"@type":"ListItem","position":2,"name":"Shop","item":"https:\/\/buyvapesin.co.uk\/shop\/"},{"@type":"ListItem","position":3,"name":"Candy Belts \ud83c\udf6c\ud83c\udf6c\ud83c\udf6c"}]},{"@type":"WebSite","@id":"https:\/\/buyvapesin.co.uk\/#website","url":"https:\/\/buyvapesin.co.uk\/","name":"K\u00f8b Vapes UK","description":"K\u00f8b Vapes &amp; Tilbeh\u00f8r i UK | Levering Samme Dag","publisher":{"@id":"https:\/\/buyvapesin.co.uk\/#organization"},"potentialAction":[{"@type":"SearchAction","target":{"@type":"EntryPoint","urlTemplate":"https:\/\/buyvapesin.co.uk\/?s={search_term_string}"},"query-input":{"@type":"PropertyValueSpecification","valueRequired":true,"valueName":"search_term_string"}}],"inLanguage":"da-DK"},{"@type":"Organization","@id":"https:\/\/buyvapesin.co.uk\/#organization","name":"K\u00f8b Vapes UK","url":"https:\/\/buyvapesin.co.uk\/","logo":{"@type":"ImageObject","inLanguage":"da-DK","@id":"https:\/\/buyvapesin.co.uk\/#\/schema\/logo\/image\/","url":"https:\/\/buyvapesin.co.uk\/wp-content\/uploads\/2025\/11\/cropped-buy-vapes-uk-site-icon-1.png","contentUrl":"https:\/\/buyvapesin.co.uk\/wp-content\/uploads\/2025\/11\/cropped-buy-vapes-uk-site-icon-1.png","width":512,"height":512,"caption":"Buy Vapes UK"},"image":{"@id":"https:\/\/buyvapesin.co.uk\/#\/schema\/logo\/image\/"}}]}},"_links":{"self":[{"href":"https:\/\/buyvapesin.co.uk\/da\/wp-json\/wp\/v2\/product\/10817","targetHints":{"allow":["GET"]}}],"collection":[{"href":"https:\/\/buyvapesin.co.uk\/da\/wp-json\/wp\/v2\/product"}],"about":[{"href":"https:\/\/buyvapesin.co.uk\/da\/wp-json\/wp\/v2\/types\/product"}],"replies":[{"embeddable":true,"href":"https:\/\/buyvapesin.co.uk\/da\/wp-json\/wp\/v2\/comments?post=10817"}],"version-history":[{"count":1,"href":"https:\/\/buyvapesin.co.uk\/da\/wp-json\/wp\/v2\/product\/10817\/revisions"}],"predecessor-version":[{"id":10822,"href":"https:\/\/buyvapesin.co.uk\/da\/wp-json\/wp\/v2\/product\/10817\/revisions\/10822"}],"wp:featuredmedia":[{"embeddable":true,"href":"https:\/\/buyvapesin.co.uk\/da\/wp-json\/wp\/v2\/media\/10818"}],"wp:attachment":[{"href":"https:\/\/buyvapesin.co.uk\/da\/wp-json\/wp\/v2\/media?parent=10817"}],"wp:term":[{"taxonomy":"product_brand","embeddable":true,"href":"https:\/\/buyvapesin.co.uk\/da\/wp-json\/wp\/v2\/product_brand?post=10817"},{"taxonomy":"product_cat","embeddable":true,"href":"https:\/\/buyvapesin.co.uk\/da\/wp-json\/wp\/v2\/product_cat?post=10817"},{"taxonomy":"product_tag","embeddable":true,"href":"https:\/\/buyvapesin.co.uk\/da\/wp-json\/wp\/v2\/product_tag?post=10817"}],"curies":[{"name":"wp","href":"https:\/\/api.w.org\/{rel}","templated":true}]}}