{"id":2272,"date":"2025-09-27T19:37:02","date_gmt":"2025-09-27T19:37:02","guid":{"rendered":"https:\/\/buyvapesin.co.uk\/?post_type=product&#038;p=2272"},"modified":"2025-12-11T09:10:47","modified_gmt":"2025-12-11T09:10:47","slug":"plume-parlay-v2-disposable","status":"publish","type":"product","link":"https:\/\/buyvapesin.co.uk\/da\/product\/plume-parlay-v2-disposable\/","title":{"rendered":"Plume Parlay V2 Disposable"},"content":{"rendered":"<h1 data-start=\"128\" data-end=\"195\">Plume Parlay V2 Disposables \u2013 Potent, Flavorful, and Convenient<\/h1>\n<p data-start=\"197\" data-end=\"646\">Den <strong data-start=\"201\" data-end=\"231\">Plume Parlay V2 Disposable<\/strong> is a premium THC vape designed for cannabis enthusiasts who want reliability, potency, and convenience in a sleek package. This disposable vape combines high-quality distillate with smooth flavor delivery, offering a consistent and enjoyable experience every time. Whether you\u2019re a beginner or an experienced user, the Plume Parlay V2 delivers exceptional performance without the hassle of charging or refilling.<\/p>\n<h3 data-start=\"648\" data-end=\"685\">Flavorful and Smooth Experience<\/h3>\n<p data-start=\"686\" data-end=\"1053\">One of the standout features of the<a href=\"https:\/\/buyvapesin.co.uk\/da\/product\/stoner-stix-v2-disposable\/\"> <strong data-start=\"722\" data-end=\"752\">Plume Parlay V2 Disposables<\/strong><\/a> is its rich and smooth flavor. Each puff delivers consistent vapor with bold, satisfying taste, making it a favorite among users who value both potency and flavor. The carefully crafted distillate ensures smooth hits from the first puff to the last, providing a truly enjoyable cannabis experience.<\/p>\n<h3 data-start=\"1055\" data-end=\"1090\">Powerful and Reliable Effects<\/h3>\n<p data-start=\"1091\" data-end=\"1455\">Infused with premium THC distillate, the <strong data-start=\"1132\" data-end=\"1162\">Plume Parlay V2 Disposables<\/strong> offers fast-acting and long-lasting effects. Users commonly report feelings of euphoria, deep relaxation, stress relief, and enhanced creativity. Its versatile effects make it suitable for unwinding, social sessions, or creative endeavors, ensuring a satisfying experience for any occasion.<\/p>\n<h3 data-start=\"1457\" data-end=\"1505\">Key Features of Plume Parlay V2 Disposable<\/h3>\n<ul data-start=\"1506\" data-end=\"1878\">\n<li data-start=\"1506\" data-end=\"1572\">\n<p data-start=\"1508\" data-end=\"1572\"><strong data-start=\"1508\" data-end=\"1534\">Premium THC Distillate<\/strong> \u2013 Provides potent, reliable effects<\/p>\n<\/li>\n<li data-start=\"1573\" data-end=\"1645\">\n<p data-start=\"1575\" data-end=\"1645\"><strong data-start=\"1575\" data-end=\"1592\">Smooth Flavor<\/strong> \u2013 Consistent and rich vapor for enjoyable sessions<\/p>\n<\/li>\n<li data-start=\"1646\" data-end=\"1716\">\n<p data-start=\"1648\" data-end=\"1716\"><strong data-start=\"1648\" data-end=\"1667\">Portable Design<\/strong> \u2013 Sleek and compact for discreet on-the-go use<\/p>\n<\/li>\n<li data-start=\"1717\" data-end=\"1792\">\n<p data-start=\"1719\" data-end=\"1792\"><strong data-start=\"1719\" data-end=\"1740\">Hassle-Free Usage<\/strong> \u2013 No charging or refilling required, ready to use<\/p>\n<\/li>\n<li data-start=\"1793\" data-end=\"1878\">\n<p data-start=\"1795\" data-end=\"1878\"><strong data-start=\"1795\" data-end=\"1817\">Consistent Quality<\/strong> \u2013 Engineered for reliable performance from start to finish<\/p>\n<\/li>\n<\/ul>\n<h3 data-start=\"1880\" data-end=\"1924\">Why Choose Plume Parlay V2 Disposable?<\/h3>\n<p data-start=\"1925\" data-end=\"2200\">Den <strong data-start=\"1929\" data-end=\"1959\">Plume Parlay V2 Disposables<\/strong> is ideal for cannabis lovers seeking a balance of flavor, potency, and convenience. Its portable and discreet design makes it easy to carry anywhere, while its high-quality distillate ensures a smooth and satisfying experience every time.<\/p>\n<p data-start=\"2202\" data-end=\"2406\">Experience the perfect combination of <strong data-start=\"2240\" data-end=\"2276\">convenience, flavor, and potency<\/strong> with the <strong data-start=\"2286\" data-end=\"2316\">Plume Parlay V2 Disposable<\/strong>\u2014a premium THC vape that delivers reliable effects and enjoyable sessions in every puff.<\/p>","protected":false},"excerpt":{"rendered":"<p>Shop Plume Parlay V2 Disposable in the UK \u2013 smooth hits, bold vape flavours &amp; long-lasting puffs. Explore top disposable vapes, Elf Bar &amp; vape juice UK.<\/p>","protected":false},"featured_media":2273,"comment_status":"closed","ping_status":"closed","template":"","meta":[],"product_brand":[],"product_cat":[110],"product_tag":[368,351,327,353,318,366,369,367,350,358,98,361,352,359,297],"class_list":{"0":"post-2272","1":"product","2":"type-product","3":"status-publish","4":"has-post-thumbnail","6":"product_cat-disposable-vapes","7":"product_tag-buy-plume-parlay-v2","8":"product_tag-easy-to-use-vape-pen","9":"product_tag-flavorful-cannabis-vape","10":"product_tag-hassle-free-thc-vape","11":"product_tag-long-lasting-thc-disposable","12":"product_tag-plume-parlay-v2-disposable","13":"product_tag-plume-thc-products","14":"product_tag-plume-vape","15":"product_tag-portable-thc-disposable","16":"product_tag-potent-thc-vape-pen","17":"product_tag-premium-cannabis-disposable","18":"product_tag-premium-distillate-vape","19":"product_tag-sleek-cannabis-vape","20":"product_tag-smooth-thc-disposable","21":"product_tag-thc-disposable-vape","23":"first","24":"instock","25":"shipping-taxable","26":"purchasable","27":"product-type-variable"},"yoast_head":"<!-- This site is optimized with the Yoast SEO Premium plugin v26.3 (Yoast SEO v27.4) - https:\/\/yoast.com\/product\/yoast-seo-premium-wordpress\/ -->\n<title>Plume Parlay V2 Disposable | UK Vapes Online | Vape UK Vape<\/title>\n<meta name=\"description\" content=\"Shop Plume Parlay V2 Disposable in the UK \u2013 smooth hits, bold vape flavours &amp; long-lasting puffs. Explore top disposable vapes, Elf Bar &amp; vape juice UK.\" \/>\n<meta name=\"robots\" content=\"index, follow, max-snippet:-1, max-image-preview:large, max-video-preview:-1\" \/>\n<link rel=\"canonical\" href=\"https:\/\/buyvapesin.co.uk\/da\/product\/plume-parlay-v2-disposable\/\" \/>\n<meta property=\"og:locale\" content=\"da_DK\" \/>\n<meta property=\"og:type\" content=\"article\" \/>\n<meta property=\"og:title\" content=\"Plume Parlay V2 Disposable\" \/>\n<meta property=\"og:description\" content=\"Shop Plume Parlay V2 Disposable in the UK \u2013 smooth hits, bold vape flavours &amp; long-lasting puffs. Explore top disposable vapes, Elf Bar &amp; vape juice UK.\" \/>\n<meta property=\"og:url\" content=\"https:\/\/buyvapesin.co.uk\/da\/product\/plume-parlay-v2-disposable\/\" \/>\n<meta property=\"og:site_name\" content=\"Buy Vapes UK\" \/>\n<meta property=\"article:modified_time\" content=\"2025-12-11T09:10:47+00:00\" \/>\n<meta property=\"og:image\" content=\"https:\/\/buyvapesin.co.uk\/wp-content\/uploads\/2025\/09\/5962854641119119604.jpg\" \/>\n\t<meta property=\"og:image:width\" content=\"960\" \/>\n\t<meta property=\"og:image:height\" content=\"1280\" \/>\n\t<meta property=\"og:image:type\" content=\"image\/jpeg\" \/>\n<meta name=\"twitter:card\" content=\"summary_large_image\" \/>\n<meta name=\"twitter:label1\" content=\"Estimeret l\u00e6setid\" \/>\n\t<meta name=\"twitter:data1\" content=\"2 minutter\" \/>\n<script type=\"application\/ld+json\" class=\"yoast-schema-graph\">{\"@context\":\"https:\\\/\\\/schema.org\",\"@graph\":[{\"@type\":\"WebPage\",\"@id\":\"https:\\\/\\\/buyvapesin.co.uk\\\/product\\\/plume-parlay-v2-disposable\\\/\",\"url\":\"https:\\\/\\\/buyvapesin.co.uk\\\/product\\\/plume-parlay-v2-disposable\\\/\",\"name\":\"Plume Parlay V2 Disposable | UK Vapes Online | Vape UK Vape\",\"isPartOf\":{\"@id\":\"https:\\\/\\\/buyvapesin.co.uk\\\/#website\"},\"primaryImageOfPage\":{\"@id\":\"https:\\\/\\\/buyvapesin.co.uk\\\/product\\\/plume-parlay-v2-disposable\\\/#primaryimage\"},\"image\":{\"@id\":\"https:\\\/\\\/buyvapesin.co.uk\\\/product\\\/plume-parlay-v2-disposable\\\/#primaryimage\"},\"thumbnailUrl\":\"https:\\\/\\\/buyvapesin.co.uk\\\/wp-content\\\/uploads\\\/2025\\\/09\\\/5962854641119119604.jpg\",\"datePublished\":\"2025-09-27T19:37:02+00:00\",\"dateModified\":\"2025-12-11T09:10:47+00:00\",\"description\":\"Shop Plume Parlay V2 Disposable in the UK \u2013 smooth hits, bold vape flavours & long-lasting puffs. Explore top disposable vapes, Elf Bar & vape juice UK.\",\"breadcrumb\":{\"@id\":\"https:\\\/\\\/buyvapesin.co.uk\\\/product\\\/plume-parlay-v2-disposable\\\/#breadcrumb\"},\"inLanguage\":\"da-DK\",\"potentialAction\":[{\"@type\":\"ReadAction\",\"target\":[\"https:\\\/\\\/buyvapesin.co.uk\\\/product\\\/plume-parlay-v2-disposable\\\/\"]}]},{\"@type\":\"ImageObject\",\"inLanguage\":\"da-DK\",\"@id\":\"https:\\\/\\\/buyvapesin.co.uk\\\/product\\\/plume-parlay-v2-disposable\\\/#primaryimage\",\"url\":\"https:\\\/\\\/buyvapesin.co.uk\\\/wp-content\\\/uploads\\\/2025\\\/09\\\/5962854641119119604.jpg\",\"contentUrl\":\"https:\\\/\\\/buyvapesin.co.uk\\\/wp-content\\\/uploads\\\/2025\\\/09\\\/5962854641119119604.jpg\",\"width\":960,\"height\":1280,\"caption\":\"Plume Parlay V2 Disposable\"},{\"@type\":\"BreadcrumbList\",\"@id\":\"https:\\\/\\\/buyvapesin.co.uk\\\/product\\\/plume-parlay-v2-disposable\\\/#breadcrumb\",\"itemListElement\":[{\"@type\":\"ListItem\",\"position\":1,\"name\":\"Home\",\"item\":\"https:\\\/\\\/buyvapesin.co.uk\\\/\"},{\"@type\":\"ListItem\",\"position\":2,\"name\":\"Shop\",\"item\":\"https:\\\/\\\/buyvapesin.co.uk\\\/shop\\\/\"},{\"@type\":\"ListItem\",\"position\":3,\"name\":\"Plume Parlay V2 Disposable\"}]},{\"@type\":\"WebSite\",\"@id\":\"https:\\\/\\\/buyvapesin.co.uk\\\/#website\",\"url\":\"https:\\\/\\\/buyvapesin.co.uk\\\/\",\"name\":\"Buy Vapes UK\",\"description\":\"Buy Vapes &amp; Accessories in the UK | Same Day Delivery\",\"publisher\":{\"@id\":\"https:\\\/\\\/buyvapesin.co.uk\\\/#organization\"},\"potentialAction\":[{\"@type\":\"SearchAction\",\"target\":{\"@type\":\"EntryPoint\",\"urlTemplate\":\"https:\\\/\\\/buyvapesin.co.uk\\\/?s={search_term_string}\"},\"query-input\":{\"@type\":\"PropertyValueSpecification\",\"valueRequired\":true,\"valueName\":\"search_term_string\"}}],\"inLanguage\":\"da-DK\"},{\"@type\":\"Organization\",\"@id\":\"https:\\\/\\\/buyvapesin.co.uk\\\/#organization\",\"name\":\"Buy Vapes UK\",\"url\":\"https:\\\/\\\/buyvapesin.co.uk\\\/\",\"logo\":{\"@type\":\"ImageObject\",\"inLanguage\":\"da-DK\",\"@id\":\"https:\\\/\\\/buyvapesin.co.uk\\\/#\\\/schema\\\/logo\\\/image\\\/\",\"url\":\"https:\\\/\\\/buyvapesin.co.uk\\\/wp-content\\\/uploads\\\/2025\\\/11\\\/cropped-buy-vapes-uk-site-icon-1.png\",\"contentUrl\":\"https:\\\/\\\/buyvapesin.co.uk\\\/wp-content\\\/uploads\\\/2025\\\/11\\\/cropped-buy-vapes-uk-site-icon-1.png\",\"width\":512,\"height\":512,\"caption\":\"Buy Vapes UK\"},\"image\":{\"@id\":\"https:\\\/\\\/buyvapesin.co.uk\\\/#\\\/schema\\\/logo\\\/image\\\/\"}}]}<\/script>\n<!-- \/ Yoast SEO Premium plugin. -->","yoast_head_json":{"title":"Plume Parlay V2 Disposable | UK Vapes Online | Vape UK Vape","description":"Shop Plume Parlay V2 Disposable in the UK \u2013 smooth hits, bold vape flavours & long-lasting puffs. Explore top disposable vapes, Elf Bar & vape juice UK.","robots":{"index":"index","follow":"follow","max-snippet":"max-snippet:-1","max-image-preview":"max-image-preview:large","max-video-preview":"max-video-preview:-1"},"canonical":"https:\/\/buyvapesin.co.uk\/da\/product\/plume-parlay-v2-disposable\/","og_locale":"da_DK","og_type":"article","og_title":"Plume Parlay V2 Disposable","og_description":"Shop Plume Parlay V2 Disposable in the UK \u2013 smooth hits, bold vape flavours & long-lasting puffs. Explore top disposable vapes, Elf Bar & vape juice UK.","og_url":"https:\/\/buyvapesin.co.uk\/da\/product\/plume-parlay-v2-disposable\/","og_site_name":"Buy Vapes UK","article_modified_time":"2025-12-11T09:10:47+00:00","og_image":[{"width":960,"height":1280,"url":"https:\/\/buyvapesin.co.uk\/wp-content\/uploads\/2025\/09\/5962854641119119604.jpg","type":"image\/jpeg"}],"twitter_card":"summary_large_image","twitter_misc":{"Estimeret l\u00e6setid":"2 minutter"},"schema":{"@context":"https:\/\/schema.org","@graph":[{"@type":"WebPage","@id":"https:\/\/buyvapesin.co.uk\/product\/plume-parlay-v2-disposable\/","url":"https:\/\/buyvapesin.co.uk\/product\/plume-parlay-v2-disposable\/","name":"Plume Parlay V2 Disposable | UK Vapes Online | Vape UK Vape","isPartOf":{"@id":"https:\/\/buyvapesin.co.uk\/#website"},"primaryImageOfPage":{"@id":"https:\/\/buyvapesin.co.uk\/product\/plume-parlay-v2-disposable\/#primaryimage"},"image":{"@id":"https:\/\/buyvapesin.co.uk\/product\/plume-parlay-v2-disposable\/#primaryimage"},"thumbnailUrl":"https:\/\/buyvapesin.co.uk\/wp-content\/uploads\/2025\/09\/5962854641119119604.jpg","datePublished":"2025-09-27T19:37:02+00:00","dateModified":"2025-12-11T09:10:47+00:00","description":"Shop Plume Parlay V2 Disposable in the UK \u2013 smooth hits, bold vape flavours & long-lasting puffs. Explore top disposable vapes, Elf Bar & vape juice UK.","breadcrumb":{"@id":"https:\/\/buyvapesin.co.uk\/product\/plume-parlay-v2-disposable\/#breadcrumb"},"inLanguage":"da-DK","potentialAction":[{"@type":"ReadAction","target":["https:\/\/buyvapesin.co.uk\/product\/plume-parlay-v2-disposable\/"]}]},{"@type":"ImageObject","inLanguage":"da-DK","@id":"https:\/\/buyvapesin.co.uk\/product\/plume-parlay-v2-disposable\/#primaryimage","url":"https:\/\/buyvapesin.co.uk\/wp-content\/uploads\/2025\/09\/5962854641119119604.jpg","contentUrl":"https:\/\/buyvapesin.co.uk\/wp-content\/uploads\/2025\/09\/5962854641119119604.jpg","width":960,"height":1280,"caption":"Plume Parlay V2 Disposable"},{"@type":"BreadcrumbList","@id":"https:\/\/buyvapesin.co.uk\/product\/plume-parlay-v2-disposable\/#breadcrumb","itemListElement":[{"@type":"ListItem","position":1,"name":"Home","item":"https:\/\/buyvapesin.co.uk\/"},{"@type":"ListItem","position":2,"name":"Shop","item":"https:\/\/buyvapesin.co.uk\/shop\/"},{"@type":"ListItem","position":3,"name":"Plume Parlay V2 Disposable"}]},{"@type":"WebSite","@id":"https:\/\/buyvapesin.co.uk\/#website","url":"https:\/\/buyvapesin.co.uk\/","name":"K\u00f8b Vapes UK","description":"K\u00f8b Vapes &amp; Tilbeh\u00f8r i UK | Levering Samme Dag","publisher":{"@id":"https:\/\/buyvapesin.co.uk\/#organization"},"potentialAction":[{"@type":"SearchAction","target":{"@type":"EntryPoint","urlTemplate":"https:\/\/buyvapesin.co.uk\/?s={search_term_string}"},"query-input":{"@type":"PropertyValueSpecification","valueRequired":true,"valueName":"search_term_string"}}],"inLanguage":"da-DK"},{"@type":"Organization","@id":"https:\/\/buyvapesin.co.uk\/#organization","name":"K\u00f8b Vapes UK","url":"https:\/\/buyvapesin.co.uk\/","logo":{"@type":"ImageObject","inLanguage":"da-DK","@id":"https:\/\/buyvapesin.co.uk\/#\/schema\/logo\/image\/","url":"https:\/\/buyvapesin.co.uk\/wp-content\/uploads\/2025\/11\/cropped-buy-vapes-uk-site-icon-1.png","contentUrl":"https:\/\/buyvapesin.co.uk\/wp-content\/uploads\/2025\/11\/cropped-buy-vapes-uk-site-icon-1.png","width":512,"height":512,"caption":"Buy Vapes UK"},"image":{"@id":"https:\/\/buyvapesin.co.uk\/#\/schema\/logo\/image\/"}}]}},"_links":{"self":[{"href":"https:\/\/buyvapesin.co.uk\/da\/wp-json\/wp\/v2\/product\/2272","targetHints":{"allow":["GET"]}}],"collection":[{"href":"https:\/\/buyvapesin.co.uk\/da\/wp-json\/wp\/v2\/product"}],"about":[{"href":"https:\/\/buyvapesin.co.uk\/da\/wp-json\/wp\/v2\/types\/product"}],"replies":[{"embeddable":true,"href":"https:\/\/buyvapesin.co.uk\/da\/wp-json\/wp\/v2\/comments?post=2272"}],"version-history":[{"count":3,"href":"https:\/\/buyvapesin.co.uk\/da\/wp-json\/wp\/v2\/product\/2272\/revisions"}],"predecessor-version":[{"id":11030,"href":"https:\/\/buyvapesin.co.uk\/da\/wp-json\/wp\/v2\/product\/2272\/revisions\/11030"}],"wp:featuredmedia":[{"embeddable":true,"href":"https:\/\/buyvapesin.co.uk\/da\/wp-json\/wp\/v2\/media\/2273"}],"wp:attachment":[{"href":"https:\/\/buyvapesin.co.uk\/da\/wp-json\/wp\/v2\/media?parent=2272"}],"wp:term":[{"taxonomy":"product_brand","embeddable":true,"href":"https:\/\/buyvapesin.co.uk\/da\/wp-json\/wp\/v2\/product_brand?post=2272"},{"taxonomy":"product_cat","embeddable":true,"href":"https:\/\/buyvapesin.co.uk\/da\/wp-json\/wp\/v2\/product_cat?post=2272"},{"taxonomy":"product_tag","embeddable":true,"href":"https:\/\/buyvapesin.co.uk\/da\/wp-json\/wp\/v2\/product_tag?post=2272"}],"curies":[{"name":"wp","href":"https:\/\/api.w.org\/{rel}","templated":true}]}}