{"id":6153,"date":"2025-11-16T13:24:32","date_gmt":"2025-11-16T13:24:32","guid":{"rendered":"https:\/\/buyvapesin.co.uk\/?post_type=product&#038;p=6153"},"modified":"2025-11-27T16:28:10","modified_gmt":"2025-11-27T16:28:10","slug":"glogang-1g-disposable","status":"publish","type":"product","link":"https:\/\/buyvapesin.co.uk\/da\/product\/glogang-1g-disposable\/","title":{"rendered":"Glogang 1G Disposable"},"content":{"rendered":"<h1 data-start=\"476\" data-end=\"541\"><strong data-start=\"476\" data-end=\"541\">Glogang 1G Disposable Live Resin \u2013 Premium Disposable Vape UK<\/strong><\/h1>\n<p data-start=\"619\" data-end=\"1040\">Den <a href=\"https:\/\/buyvapesin.co.uk\/da\/product\/gold-coast-clear\/\"><strong data-start=\"623\" data-end=\"659\">Glogang 1G Disposable Live Resin<\/strong> <\/a>is quickly becoming one of the most searched vape products across the UK, thanks to its strong flavour profile, smooth live resin extract, and consistent performance with every puff. Designed for UK vape users who want a reliable and easy-to-use device, this disposable delivers convenience, portability and premium quality without the need for charging, filling or maintenance.<\/p>\n<p data-start=\"1042\" data-end=\"1411\">Whether you\u2019re comparing the latest <strong data-start=\"1078\" data-end=\"1101\">disposable vapes UK<\/strong>, looking for trending vape flavours, or searching for a trusted <strong data-start=\"1166\" data-end=\"1189\">vape shop in London<\/strong>, the Glogang 1G Disposable Live Resin stands out as a top choice. Its live resin formulation ensures a richer, fresher and more natural vaping experience\u2014something UK vapers continue to look for as vaping trends evolve.<\/p>\n<p data-start=\"1413\" data-end=\"1850\">This device is ideal for users who enjoy compact, ready-to-use vape kits with smooth airflow and strong, satisfying clouds. Combined with its discreet and stylish design, it fits perfectly into today\u2019s fast-paced lifestyle. UK vapers who prefer premium disposables like <strong data-start=\"1683\" data-end=\"1694\">Elf Bar<\/strong>, <strong data-start=\"1696\" data-end=\"1715\">1000 puff vapes<\/strong>og <strong data-start=\"1721\" data-end=\"1743\">rechargeable vapes<\/strong> will find this live resin disposable offers an upgraded experience from standard nicotine-based options.<\/p>\n<p data-start=\"1852\" data-end=\"2234\">With more people across the UK searching for high-quality vape products and <strong data-start=\"1928\" data-end=\"1945\">vape juice UK<\/strong> alternatives, the Glogang 1G Disposable Live Resin consistently ranks among the best for reliability, flavour quality and portability. If you\u2019re exploring new disposable flavours or trying to switch from traditional vapes, this device provides a strong, smooth and enjoyable transition.<\/p>\n<p data-start=\"2236\" data-end=\"2493\">For anyone browsing trending <strong data-start=\"2265\" data-end=\"2285\">vape flavours UK<\/strong>, high-demand disposables or premium vaping options delivered in the UK, the Glogang 1G\u00a0 is a standout product that brings flavour, convenience and quality together in one compact device.<\/p>","protected":false},"excerpt":{"rendered":"<p>Buy the <strong data-start=\"246\" data-end=\"282\">Glogang 1G Disposable Live Resin<\/strong>, a premium UK-ready vape offering smooth flavour, fast delivery, and high performance. Shop top <strong data-start=\"379\" data-end=\"402\">disposable vapes UK<\/strong>, trending flavours, and the best vape deals online.<\/p>","protected":false},"featured_media":6154,"comment_status":"closed","ping_status":"closed","template":"","meta":[],"product_brand":[],"product_cat":[110],"product_tag":[2015,1797,1824,1779,2017,1982,2016,2020,1952,1868,2018,1823,1643,2019,2021,2013,1826,1827,1983],"class_list":{"0":"post-6153","1":"product","2":"type-product","3":"status-publish","4":"has-post-thumbnail","6":"product_cat-disposable-vapes","7":"product_tag-1g-live-resin-vape","8":"product_tag-ceramic-coil-pen","9":"product_tag-ceramic-heating","10":"product_tag-draw-activated","11":"product_tag-flash-frozen-resin","12":"product_tag-glass-oil-window","13":"product_tag-glogang-disposable","14":"product_tag-glogang-pen","15":"product_tag-leak-proof-vape","16":"product_tag-live-resin-thc","17":"product_tag-no-charge-1-gram","18":"product_tag-no-recharge-battery","19":"product_tag-portable-cannabis-pen","20":"product_tag-portable-glogang-pen","21":"product_tag-pure-resin-oil","22":"product_tag-recycle-ready-disposable-1g-disposable-vape","23":"product_tag-sealed-design","24":"product_tag-single-use-disposable","25":"product_tag-terpene-rich-thc","27":"first","28":"instock","29":"shipping-taxable","30":"purchasable","31":"product-type-variable"},"yoast_head":"<!-- This site is optimized with the Yoast SEO Premium plugin v26.3 (Yoast SEO v26.5) - https:\/\/yoast.com\/wordpress\/plugins\/seo\/ -->\n<title>Glogang 1G Disposable | Top Disposable Vapes UK<\/title>\n<meta name=\"description\" content=\"Buy the Glogang 1G Disposable, a premium UK-ready vape offering fast delivery, Shop top disposable vapes UK, the best vape deals online.\" \/>\n<meta name=\"robots\" content=\"index, follow, max-snippet:-1, max-image-preview:large, max-video-preview:-1\" \/>\n<link rel=\"canonical\" href=\"https:\/\/buyvapesin.co.uk\/da\/product\/glogang-1g-disposable\/\" \/>\n<meta property=\"og:locale\" content=\"da_DK\" \/>\n<meta property=\"og:type\" content=\"article\" \/>\n<meta property=\"og:title\" content=\"Glogang 1G Disposable\" \/>\n<meta property=\"og:description\" content=\"Buy the Glogang 1G Disposable, a premium UK-ready vape offering fast delivery, Shop top disposable vapes UK, the best vape deals online.\" \/>\n<meta property=\"og:url\" content=\"https:\/\/buyvapesin.co.uk\/da\/product\/glogang-1g-disposable\/\" \/>\n<meta property=\"og:site_name\" content=\"Buy Vapes UK\" \/>\n<meta property=\"article:modified_time\" content=\"2025-11-27T16:28:10+00:00\" \/>\n<meta property=\"og:image\" content=\"https:\/\/buyvapesin.co.uk\/wp-content\/uploads\/2025\/11\/Glogang-1G-Disposable-Live-Resin.jpg\" \/>\n\t<meta property=\"og:image:width\" content=\"960\" \/>\n\t<meta property=\"og:image:height\" content=\"1280\" \/>\n\t<meta property=\"og:image:type\" content=\"image\/jpeg\" \/>\n<meta name=\"twitter:card\" content=\"summary_large_image\" \/>\n<meta name=\"twitter:label1\" content=\"Estimeret l\u00e6setid\" \/>\n\t<meta name=\"twitter:data1\" content=\"2 minutter\" \/>\n<script type=\"application\/ld+json\" class=\"yoast-schema-graph\">{\"@context\":\"https:\/\/schema.org\",\"@graph\":[{\"@type\":\"WebPage\",\"@id\":\"https:\/\/buyvapesin.co.uk\/product\/glogang-1g-disposable\/\",\"url\":\"https:\/\/buyvapesin.co.uk\/product\/glogang-1g-disposable\/\",\"name\":\"Glogang 1G Disposable | Top Disposable Vapes UK\",\"isPartOf\":{\"@id\":\"https:\/\/buyvapesin.co.uk\/#website\"},\"primaryImageOfPage\":{\"@id\":\"https:\/\/buyvapesin.co.uk\/product\/glogang-1g-disposable\/#primaryimage\"},\"image\":{\"@id\":\"https:\/\/buyvapesin.co.uk\/product\/glogang-1g-disposable\/#primaryimage\"},\"thumbnailUrl\":\"https:\/\/buyvapesin.co.uk\/wp-content\/uploads\/2025\/11\/Glogang-1G-Disposable-Live-Resin.jpg\",\"datePublished\":\"2025-11-16T13:24:32+00:00\",\"dateModified\":\"2025-11-27T16:28:10+00:00\",\"description\":\"Buy the Glogang 1G Disposable, a premium UK-ready vape offering fast delivery, Shop top disposable vapes UK, the best vape deals online.\",\"breadcrumb\":{\"@id\":\"https:\/\/buyvapesin.co.uk\/product\/glogang-1g-disposable\/#breadcrumb\"},\"inLanguage\":\"da-DK\",\"potentialAction\":[{\"@type\":\"ReadAction\",\"target\":[\"https:\/\/buyvapesin.co.uk\/product\/glogang-1g-disposable\/\"]}]},{\"@type\":\"ImageObject\",\"inLanguage\":\"da-DK\",\"@id\":\"https:\/\/buyvapesin.co.uk\/product\/glogang-1g-disposable\/#primaryimage\",\"url\":\"https:\/\/buyvapesin.co.uk\/wp-content\/uploads\/2025\/11\/Glogang-1G-Disposable-Live-Resin.jpg\",\"contentUrl\":\"https:\/\/buyvapesin.co.uk\/wp-content\/uploads\/2025\/11\/Glogang-1G-Disposable-Live-Resin.jpg\",\"width\":960,\"height\":1280,\"caption\":\"Glogang 1G Disposable\"},{\"@type\":\"BreadcrumbList\",\"@id\":\"https:\/\/buyvapesin.co.uk\/product\/glogang-1g-disposable\/#breadcrumb\",\"itemListElement\":[{\"@type\":\"ListItem\",\"position\":1,\"name\":\"Home\",\"item\":\"https:\/\/buyvapesin.co.uk\/\"},{\"@type\":\"ListItem\",\"position\":2,\"name\":\"Shop\",\"item\":\"https:\/\/buyvapesin.co.uk\/shop\/\"},{\"@type\":\"ListItem\",\"position\":3,\"name\":\"Glogang 1G Disposable\"}]},{\"@type\":\"WebSite\",\"@id\":\"https:\/\/buyvapesin.co.uk\/#website\",\"url\":\"https:\/\/buyvapesin.co.uk\/\",\"name\":\"Buy Vapes UK\",\"description\":\"Buy Vapes &amp; Accessories in the UK | Same Day Delivery\",\"publisher\":{\"@id\":\"https:\/\/buyvapesin.co.uk\/#organization\"},\"potentialAction\":[{\"@type\":\"SearchAction\",\"target\":{\"@type\":\"EntryPoint\",\"urlTemplate\":\"https:\/\/buyvapesin.co.uk\/?s={search_term_string}\"},\"query-input\":{\"@type\":\"PropertyValueSpecification\",\"valueRequired\":true,\"valueName\":\"search_term_string\"}}],\"inLanguage\":\"da-DK\"},{\"@type\":\"Organization\",\"@id\":\"https:\/\/buyvapesin.co.uk\/#organization\",\"name\":\"Buy Vapes UK\",\"url\":\"https:\/\/buyvapesin.co.uk\/\",\"logo\":{\"@type\":\"ImageObject\",\"inLanguage\":\"da-DK\",\"@id\":\"https:\/\/buyvapesin.co.uk\/#\/schema\/logo\/image\/\",\"url\":\"https:\/\/buyvapesin.co.uk\/wp-content\/uploads\/2025\/11\/cropped-buy-vapes-uk-site-icon-1.png\",\"contentUrl\":\"https:\/\/buyvapesin.co.uk\/wp-content\/uploads\/2025\/11\/cropped-buy-vapes-uk-site-icon-1.png\",\"width\":512,\"height\":512,\"caption\":\"Buy Vapes UK\"},\"image\":{\"@id\":\"https:\/\/buyvapesin.co.uk\/#\/schema\/logo\/image\/\"}}]}<\/script>\n<!-- \/ Yoast SEO Premium plugin. -->","yoast_head_json":{"title":"Glogang 1G Disposable | Top Disposable Vapes UK","description":"Buy the Glogang 1G Disposable, a premium UK-ready vape offering fast delivery, Shop top disposable vapes UK, the best vape deals online.","robots":{"index":"index","follow":"follow","max-snippet":"max-snippet:-1","max-image-preview":"max-image-preview:large","max-video-preview":"max-video-preview:-1"},"canonical":"https:\/\/buyvapesin.co.uk\/da\/product\/glogang-1g-disposable\/","og_locale":"da_DK","og_type":"article","og_title":"Glogang 1G Disposable","og_description":"Buy the Glogang 1G Disposable, a premium UK-ready vape offering fast delivery, Shop top disposable vapes UK, the best vape deals online.","og_url":"https:\/\/buyvapesin.co.uk\/da\/product\/glogang-1g-disposable\/","og_site_name":"Buy Vapes UK","article_modified_time":"2025-11-27T16:28:10+00:00","og_image":[{"width":960,"height":1280,"url":"https:\/\/buyvapesin.co.uk\/wp-content\/uploads\/2025\/11\/Glogang-1G-Disposable-Live-Resin.jpg","type":"image\/jpeg"}],"twitter_card":"summary_large_image","twitter_misc":{"Estimeret l\u00e6setid":"2 minutter"},"schema":{"@context":"https:\/\/schema.org","@graph":[{"@type":"WebPage","@id":"https:\/\/buyvapesin.co.uk\/product\/glogang-1g-disposable\/","url":"https:\/\/buyvapesin.co.uk\/product\/glogang-1g-disposable\/","name":"Glogang 1G Disposable | Top Disposable Vapes UK","isPartOf":{"@id":"https:\/\/buyvapesin.co.uk\/#website"},"primaryImageOfPage":{"@id":"https:\/\/buyvapesin.co.uk\/product\/glogang-1g-disposable\/#primaryimage"},"image":{"@id":"https:\/\/buyvapesin.co.uk\/product\/glogang-1g-disposable\/#primaryimage"},"thumbnailUrl":"https:\/\/buyvapesin.co.uk\/wp-content\/uploads\/2025\/11\/Glogang-1G-Disposable-Live-Resin.jpg","datePublished":"2025-11-16T13:24:32+00:00","dateModified":"2025-11-27T16:28:10+00:00","description":"Buy the Glogang 1G Disposable, a premium UK-ready vape offering fast delivery, Shop top disposable vapes UK, the best vape deals online.","breadcrumb":{"@id":"https:\/\/buyvapesin.co.uk\/product\/glogang-1g-disposable\/#breadcrumb"},"inLanguage":"da-DK","potentialAction":[{"@type":"ReadAction","target":["https:\/\/buyvapesin.co.uk\/product\/glogang-1g-disposable\/"]}]},{"@type":"ImageObject","inLanguage":"da-DK","@id":"https:\/\/buyvapesin.co.uk\/product\/glogang-1g-disposable\/#primaryimage","url":"https:\/\/buyvapesin.co.uk\/wp-content\/uploads\/2025\/11\/Glogang-1G-Disposable-Live-Resin.jpg","contentUrl":"https:\/\/buyvapesin.co.uk\/wp-content\/uploads\/2025\/11\/Glogang-1G-Disposable-Live-Resin.jpg","width":960,"height":1280,"caption":"Glogang 1G Disposable"},{"@type":"BreadcrumbList","@id":"https:\/\/buyvapesin.co.uk\/product\/glogang-1g-disposable\/#breadcrumb","itemListElement":[{"@type":"ListItem","position":1,"name":"Home","item":"https:\/\/buyvapesin.co.uk\/"},{"@type":"ListItem","position":2,"name":"Shop","item":"https:\/\/buyvapesin.co.uk\/shop\/"},{"@type":"ListItem","position":3,"name":"Glogang 1G Disposable"}]},{"@type":"WebSite","@id":"https:\/\/buyvapesin.co.uk\/#website","url":"https:\/\/buyvapesin.co.uk\/","name":"K\u00f8b Vapes UK","description":"K\u00f8b Vapes &amp; Tilbeh\u00f8r i UK | Levering Samme Dag","publisher":{"@id":"https:\/\/buyvapesin.co.uk\/#organization"},"potentialAction":[{"@type":"SearchAction","target":{"@type":"EntryPoint","urlTemplate":"https:\/\/buyvapesin.co.uk\/?s={search_term_string}"},"query-input":{"@type":"PropertyValueSpecification","valueRequired":true,"valueName":"search_term_string"}}],"inLanguage":"da-DK"},{"@type":"Organization","@id":"https:\/\/buyvapesin.co.uk\/#organization","name":"K\u00f8b Vapes UK","url":"https:\/\/buyvapesin.co.uk\/","logo":{"@type":"ImageObject","inLanguage":"da-DK","@id":"https:\/\/buyvapesin.co.uk\/#\/schema\/logo\/image\/","url":"https:\/\/buyvapesin.co.uk\/wp-content\/uploads\/2025\/11\/cropped-buy-vapes-uk-site-icon-1.png","contentUrl":"https:\/\/buyvapesin.co.uk\/wp-content\/uploads\/2025\/11\/cropped-buy-vapes-uk-site-icon-1.png","width":512,"height":512,"caption":"Buy Vapes UK"},"image":{"@id":"https:\/\/buyvapesin.co.uk\/#\/schema\/logo\/image\/"}}]}},"_links":{"self":[{"href":"https:\/\/buyvapesin.co.uk\/da\/wp-json\/wp\/v2\/product\/6153","targetHints":{"allow":["GET"]}}],"collection":[{"href":"https:\/\/buyvapesin.co.uk\/da\/wp-json\/wp\/v2\/product"}],"about":[{"href":"https:\/\/buyvapesin.co.uk\/da\/wp-json\/wp\/v2\/types\/product"}],"replies":[{"embeddable":true,"href":"https:\/\/buyvapesin.co.uk\/da\/wp-json\/wp\/v2\/comments?post=6153"}],"version-history":[{"count":4,"href":"https:\/\/buyvapesin.co.uk\/da\/wp-json\/wp\/v2\/product\/6153\/revisions"}],"predecessor-version":[{"id":9304,"href":"https:\/\/buyvapesin.co.uk\/da\/wp-json\/wp\/v2\/product\/6153\/revisions\/9304"}],"wp:featuredmedia":[{"embeddable":true,"href":"https:\/\/buyvapesin.co.uk\/da\/wp-json\/wp\/v2\/media\/6154"}],"wp:attachment":[{"href":"https:\/\/buyvapesin.co.uk\/da\/wp-json\/wp\/v2\/media?parent=6153"}],"wp:term":[{"taxonomy":"product_brand","embeddable":true,"href":"https:\/\/buyvapesin.co.uk\/da\/wp-json\/wp\/v2\/product_brand?post=6153"},{"taxonomy":"product_cat","embeddable":true,"href":"https:\/\/buyvapesin.co.uk\/da\/wp-json\/wp\/v2\/product_cat?post=6153"},{"taxonomy":"product_tag","embeddable":true,"href":"https:\/\/buyvapesin.co.uk\/da\/wp-json\/wp\/v2\/product_tag?post=6153"}],"curies":[{"name":"wp","href":"https:\/\/api.w.org\/{rel}","templated":true}]}}